{"id":2594,"date":"2022-09-07T16:08:06","date_gmt":"2022-09-07T14:08:06","guid":{"rendered":"https:\/\/www.manus-fribourg.ch\/?page_id=2594"},"modified":"2026-04-23T09:59:45","modified_gmt":"2026-04-23T07:59:45","slug":"dr-christoph-erling","status":"publish","type":"page","link":"https:\/\/www.manus-fribourg.ch\/en\/dr-christoph-erling\/","title":{"rendered":"Dr. Christoph Erling"},"content":{"rendered":"\t\t<div data-elementor-type=\"wp-page\" data-elementor-id=\"2594\" class=\"elementor elementor-2594 elementor-2593\" data-elementor-post-type=\"page\">\n\t\t\t\t<div class=\"elementor-element elementor-element-430c3efc e-flex e-con-boxed e-con e-parent\" data-id=\"430c3efc\" data-element_type=\"container\" data-e-type=\"container\" data-settings=\"{&quot;background_background&quot;:&quot;video&quot;,&quot;background_video_link&quot;:&quot;https:\\\/\\\/www.manus-fribourg.ch\\\/wp-content-329291\\\/uploads\\\/2024\\\/04\\\/manus-24.mp4&quot;}\">\n\t\t\t\t\t<div class=\"e-con-inner\">\n\t\t<div class=\"elementor-background-video-container elementor-hidden-mobile\">\n\t\t\t\t\t\t\t<video class=\"elementor-background-video-hosted\" role=\"presentation\" autoplay muted playsinline loop><\/video>\n\t\t\t\t\t<\/div>\t\t<div class=\"elementor-element elementor-element-19bc9a4 elementor-widget__width-initial elementor-widget elementor-widget-image\" data-id=\"19bc9a4\" data-element_type=\"widget\" data-e-type=\"widget\" data-settings=\"{&quot;sticky&quot;:&quot;top&quot;,&quot;sticky_on&quot;:[&quot;desktop&quot;,&quot;tablet&quot;],&quot;sticky_offset&quot;:81,&quot;sticky_effects_offset&quot;:0,&quot;sticky_anchor_link_offset&quot;:0}\" data-widget_type=\"image.default\">\n\t\t\t\t<div class=\"elementor-widget-container\">\n\t\t\t\t\t\t\t\t\t\t\t\t<figure class=\"wp-caption\">\n\t\t\t\t\t\t\t\t\t\t<img fetchpriority=\"high\" decoding=\"async\" width=\"712\" height=\"777\" src=\"https:\/\/www.manus-fribourg.ch\/wp-content-329291\/uploads\/2019\/08\/dr-c-erling.png\" class=\"attachment-large size-large wp-image-1222\" alt=\"\" srcset=\"https:\/\/www.manus-fribourg.ch\/wp-content-329291\/uploads\/2019\/08\/dr-c-erling.png 712w, https:\/\/www.manus-fribourg.ch\/wp-content-329291\/uploads\/2019\/08\/dr-c-erling-275x300.png 275w\" sizes=\"(max-width: 712px) 100vw, 712px\" \/>\t\t\t\t\t\t\t\t\t\t\t<figcaption class=\"widget-image-caption wp-caption-text\">Dr. Christoph Erling<\/figcaption>\n\t\t\t\t\t\t\t\t\t\t<\/figure>\n\t\t\t\t\t\t\t\t\t<\/div>\n\t\t\t\t<\/div>\n\t\t<div class=\"elementor-element elementor-element-e1cb8d8 e-con-full e-flex e-con e-child\" data-id=\"e1cb8d8\" data-element_type=\"container\" data-e-type=\"container\">\n\t\t\t\t<div class=\"elementor-element elementor-element-1882930 elementor-widget__width-auto elementor-widget elementor-widget-heading\" data-id=\"1882930\" data-element_type=\"widget\" data-e-type=\"widget\" data-widget_type=\"heading.default\">\n\t\t\t\t<div class=\"elementor-widget-container\">\n\t\t\t\t\t<h2 class=\"elementor-heading-title elementor-size-default\">Dr. Christoph Erling<\/h2>\t\t\t\t<\/div>\n\t\t\t\t<\/div>\n\t\t\t\t<div class=\"elementor-element elementor-element-8f1afdd elementor-widget__width-inherit elementor-widget elementor-widget-heading\" data-id=\"8f1afdd\" data-element_type=\"widget\" data-e-type=\"widget\" data-widget_type=\"heading.default\">\n\t\t\t\t<div class=\"elementor-widget-container\">\n\t\t\t\t\t<h2 class=\"elementor-heading-title elementor-size-default\">Leitung<\/h2>\t\t\t\t<\/div>\n\t\t\t\t<\/div>\n\t\t<div class=\"elementor-element elementor-element-7f8ab53 e-con-full e-flex e-con e-child\" data-id=\"7f8ab53\" data-element_type=\"container\" data-e-type=\"container\" data-settings=\"{&quot;background_background&quot;:&quot;classic&quot;}\">\n\t\t\t\t<div class=\"elementor-element elementor-element-c6bfb63 elementor-widget elementor-widget-heading\" data-id=\"c6bfb63\" data-element_type=\"widget\" data-e-type=\"widget\" data-widget_type=\"heading.default\">\n\t\t\t\t<div class=\"elementor-widget-container\">\n\t\t\t\t\t<h2 class=\"elementor-heading-title elementor-size-default\">Spezialisierung<\/h2>\t\t\t\t<\/div>\n\t\t\t\t<\/div>\n\t\t\t\t<div class=\"elementor-element elementor-element-cf471a6 elementor-widget elementor-widget-text-editor\" data-id=\"cf471a6\" data-element_type=\"widget\" data-e-type=\"widget\" data-widget_type=\"text-editor.default\">\n\t\t\t\t<div class=\"elementor-widget-container\">\n\t\t\t\t\t\t\t\t\t<ul><li>Handgelenkschirurgie<\/li><li>Arthroskopische Chirurgie<\/li><li>Chirurgie der peripheren Nerven<\/li><li>Operative Frakturbehandlung der Hand \/ des Unterarmes<\/li><li>Sonographie der Hand<\/li><li>CARD-Korrektur Osteotomie des Unterarmes und der Hand<\/li><li>SOS (Secondary Optimizing Surgery: Korrektur schiefgelaufener Operationen)<\/li><\/ul>\t\t\t\t\t\t\t\t<\/div>\n\t\t\t\t<\/div>\n\t\t\t\t<\/div>\n\t\t<div class=\"elementor-element elementor-element-0e971c4 e-con-full e-flex e-con e-child\" data-id=\"0e971c4\" data-element_type=\"container\" data-e-type=\"container\">\n\t\t\t\t<div class=\"elementor-element elementor-element-1dc48cd elementor-widget elementor-widget-heading\" data-id=\"1dc48cd\" data-element_type=\"widget\" data-e-type=\"widget\" data-widget_type=\"heading.default\">\n\t\t\t\t<div class=\"elementor-widget-container\">\n\t\t\t\t\t<h2 class=\"elementor-heading-title elementor-size-default\">Berufliche Laufbahn<\/h2>\t\t\t\t<\/div>\n\t\t\t\t<\/div>\n\t\t\t\t<div class=\"elementor-element elementor-element-2c2b452 elementor-widget elementor-widget-text-editor\" data-id=\"2c2b452\" data-element_type=\"widget\" data-e-type=\"widget\" data-widget_type=\"text-editor.default\">\n\t\t\t\t<div class=\"elementor-widget-container\">\n\t\t\t\t\t\t\t\t\t<h3>bis heute<\/h3><p>2019 Er\u00f6ffnung und Leitung der handchirurgischen Praxis<\/p><h3>2016-2019<\/h3><p>MANUS in Fribourg Oberarzt, Plastische Chirurgie und Handchirurgie Universit\u00e4tsSpital Z\u00fcrich, Z\u00fcrich<\/p><h3>2014-2016<\/h3><p>Oberarzt, Orthop\u00e4die und Traumatologie \u2013 Abteilung Handchirurgie Hopitaux Universitaires de Gen\u00e8ve, Genf<\/p><h3>2012-2014<\/h3><p>Oberarzt, Orthop\u00e4die und Traumatologie<br \/>Hopital cantonal de Fribourg, Freiburg<\/p><h3>2009-2012<\/h3><p>Assistenzarzt, Orthop\u00e4die und Traumatologie<br \/>Hopital cantonal de Fribourg, Freiburg<\/p><h3>2008-2009<\/h3><p>Assistenzarzt, Plastische Chirurgie, Handchirurgie &amp; Orthop\u00e4die<br \/>Clinique de Longeraie, Lausanne<\/p><h3>2008<\/h3><p>Assistenzarzt, Thorax- und Gef\u00e4sschirurgie<br \/>Centre hospitalier universitaire vaudois, Lausanne<\/p><h3>2007-2008<\/h3><p>Assistenzarzt, Urologie<br \/>Centre hospitalier universitaire vaudois, Lausanne<\/p><h3>2007<\/h3><p>Assistenzarzt, Viszeralchirurgie<br \/>Centre hospitalier universitaire vaudois, Lausanne<\/p>\t\t\t\t\t\t\t\t<\/div>\n\t\t\t\t<\/div>\n\t\t\t\t<\/div>\n\t\t<div class=\"elementor-element elementor-element-2254dc2 e-con-full e-flex e-con e-child\" data-id=\"2254dc2\" data-element_type=\"container\" data-e-type=\"container\" data-settings=\"{&quot;background_background&quot;:&quot;classic&quot;}\">\n\t\t\t\t<div class=\"elementor-element elementor-element-562a14c elementor-widget elementor-widget-heading\" data-id=\"562a14c\" data-element_type=\"widget\" data-e-type=\"widget\" data-widget_type=\"heading.default\">\n\t\t\t\t<div class=\"elementor-widget-container\">\n\t\t\t\t\t<h2 class=\"elementor-heading-title elementor-size-default\">Universit\u00e4re Ausbildung<\/h2>\t\t\t\t<\/div>\n\t\t\t\t<\/div>\n\t\t\t\t<div class=\"elementor-element elementor-element-5b8c95b elementor-widget elementor-widget-text-editor\" data-id=\"5b8c95b\" data-element_type=\"widget\" data-e-type=\"widget\" data-widget_type=\"text-editor.default\">\n\t\t\t\t<div class=\"elementor-widget-container\">\n\t\t\t\t\t\t\t\t\t<p><strong>Ehrungen und Preise<\/strong><br \/>2023 2. Platz Quality Award 2023 der Schweizer Gesellschaft f\u00fcr Handchirurgie<br \/>2018 FESSH Travel Award<\/p><p><strong>Aus- und Weiterbildung<\/strong><br \/>2018 FMH Handchirurgie<br \/>2018 European Board of hand Surgery Diploma (FESSH)<br \/>2017 FMH orthop\u00e4dische Chirurgie und Traumatologie des Bewegungsapparates<br \/>2009 Promotion zum Doktor der Medizin Universit\u00e4t Bonn<br \/>2008 USMLE STEP 2 CS<br \/>2006 3. Staatsexamen Universit\u00e4t LMU M\u00fcnchen<br \/>2006 USMLE STEP 2 CK<br \/>2003 USMLE STEP 1<\/p><p><strong>Studium der Humanmedizin<\/strong><br \/>2005-2006 Universit\u00e4t LMU M\u00fcnchen, Universit\u00e4t Lausanne und Universit\u00e4t Strasbourg<br \/>2002-2005 Universit\u00e4t Bonn<br \/>1999-2002 Universit\u00e4t G\u00f6ttingen<\/p><p><strong>Diplome \/ Titel \/ F\u00e4higkeitsausweise<\/strong><br \/>2025 Weiterbildungsdiplom Sonographie Bewegungsapparat SGUM (Tutor)<br \/>2022 F\u00e4higkeitsausweis Ultraschall Sektion Bewegungsapparat, Untersektion Handchirurgie SGUM<\/p>\t\t\t\t\t\t\t\t<\/div>\n\t\t\t\t<\/div>\n\t\t\t\t<\/div>\n\t\t\t\t<\/div>\n\t\t\t\t\t<\/div>\n\t\t\t\t<\/div>\n\t\t\t\t<\/div>\n\t\t","protected":false},"excerpt":{"rendered":"<p>Dr. Christoph Erling Dr. Christoph Erling Leitung Spezialisierung Handgelenkschirurgie Arthroskopische Chirurgie Chirurgie der peripheren Nerven Operative Frakturbehandlung der Hand \/ des Unterarmes Sonographie der Hand CARD-Korrektur Osteotomie des Unterarmes und der Hand SOS (Secondary Optimizing Surgery: Korrektur schiefgelaufener Operationen) Berufliche Laufbahn bis heute 2019 Er\u00f6ffnung und Leitung der handchirurgischen Praxis 2016-2019 MANUS in Fribourg Oberarzt,&hellip;<\/p>\n","protected":false},"author":3,"featured_media":0,"parent":0,"menu_order":0,"comment_status":"closed","ping_status":"closed","template":"elementor_header_footer","meta":{"footnotes":""},"class_list":["post-2594","page","type-page","status-publish","hentry"],"_links":{"self":[{"href":"https:\/\/www.manus-fribourg.ch\/en\/wp-json\/wp\/v2\/pages\/2594","targetHints":{"allow":["GET"]}}],"collection":[{"href":"https:\/\/www.manus-fribourg.ch\/en\/wp-json\/wp\/v2\/pages"}],"about":[{"href":"https:\/\/www.manus-fribourg.ch\/en\/wp-json\/wp\/v2\/types\/page"}],"author":[{"embeddable":true,"href":"https:\/\/www.manus-fribourg.ch\/en\/wp-json\/wp\/v2\/users\/3"}],"replies":[{"embeddable":true,"href":"https:\/\/www.manus-fribourg.ch\/en\/wp-json\/wp\/v2\/comments?post=2594"}],"version-history":[{"count":3,"href":"https:\/\/www.manus-fribourg.ch\/en\/wp-json\/wp\/v2\/pages\/2594\/revisions"}],"predecessor-version":[{"id":3229,"href":"https:\/\/www.manus-fribourg.ch\/en\/wp-json\/wp\/v2\/pages\/2594\/revisions\/3229"}],"wp:attachment":[{"href":"https:\/\/www.manus-fribourg.ch\/en\/wp-json\/wp\/v2\/media?parent=2594"}],"curies":[{"name":"wp","href":"https:\/\/api.w.org\/{rel}","templated":true}]}}