{"id":514,"date":"2020-06-18T12:59:32","date_gmt":"2020-06-18T10:59:32","guid":{"rendered":"https:\/\/www.manus-fribourg.ch\/?page_id=514"},"modified":"2025-04-11T10:31:14","modified_gmt":"2025-04-11T08:31:14","slug":"ergotherapie","status":"publish","type":"page","link":"https:\/\/www.manus-fribourg.ch\/de\/ergotherapie\/","title":{"rendered":"Ergotherapie"},"content":{"rendered":"<div class=\"wpb-content-wrapper\"><p>[vc_row gap=&#8220;35&#8243; full_height=&#8220;yes&#8220; columns_placement=&#8220;top&#8220; bg_type=&#8220;image&#8220; parallax_style=&#8220;vcpb-default&#8220; bg_image_new=&#8220;id^640|url^https:\/\/www.manus-fribourg.ch\/wp-content-329291\/uploads\/2020\/09\/delphine_guerry_cabinet.jpg|caption^null|alt^null|title^Delphine_Guerry_cabinet|description^null&#8220; bg_override=&#8220;full&#8220; enable_overlay=&#8220;enable_overlay_value&#8220; overlay_color=&#8220;rgba(255,255,255,0.68)&#8220;][vc_column][vc_row_inner][vc_column_inner width=&#8220;2\/3&#8243;]<div id=\"ultimate-heading-993269e738d349145\" class=\"uvc-heading ult-adjust-bottom-margin ultimate-heading-993269e738d349145 uvc-3462 \" data-hspacer=\"no_spacer\"  data-halign=\"left\" style=\"text-align:left\"><div class=\"uvc-heading-spacer no_spacer\" style=\"top\"><\/div><div class=\"uvc-main-heading ult-responsive\"  data-ultimate-target='.uvc-heading.ultimate-heading-993269e738d349145 h2'  data-responsive-json-new='{\"font-size\":\"desktop:50px;tablet:40px;tablet_portrait:40px;mobile_landscape:36px;mobile:28px;\",\"line-height\":\"desktop:55px;tablet:45px;tablet_portrait:45px;mobile_landscape:40px;mobile:35px;\"}' ><h2 style=\"font-family:&#039;Alegreya Sans&#039;;font-weight:500;color:#165a5a;\">Ergotherapie C\u00e9line Minguely<\/h2><\/div><div class=\"uvc-sub-heading ult-responsive\"  data-ultimate-target='.uvc-heading.ultimate-heading-993269e738d349145 .uvc-sub-heading '  data-responsive-json-new='{\"font-size\":\"desktop:19px;\",\"line-height\":\"desktop:24px;\"}'  style=\"font-family:&#039;Alegreya Sans&#039;;font-weight:500;color:rgba(0,0,0,0.79);\">Eine umfassende und ganzheitliche Patientenversorgung ist Teil der Philosophie von MANUS. Wir freuen uns, eine unabh\u00e4ngige ergotherapeutische Praxis in unseren R\u00e4umen zu haben.<\/div><\/div>[vc_column_text css=&#8220;.vc_custom_1607073504226{padding-top: 30px !important;}&#8220;]Das Ziel der Ergotherapie ist eine korrekte Ausf\u00fchrung allt\u00e4glicher Handlungen sowie die selbstbestimmte Teilhabe an allen Aspekten des soziokulturellen und beruflichen Lebens. Dies wird erreicht durch eine Verbesserung, Wiederherstellung oder Kompensation der beeintr\u00e4chtigten F\u00e4higkeiten und Funktionen. Neben geeigneten \u00dcbungen soll auch der Einsatz von Hilfsmitteln dazu beitragen, dass die Umwelt an die verbleibenden F\u00e4higkeiten angepasst wird und so ein Optimum an Rehabilitation erreicht wird.[\/vc_column_text][\/vc_column_inner][vc_column_inner width=&#8220;1\/3&#8243;][\/vc_column_inner][\/vc_row_inner]<div class=\"ult-spacer spacer-69e738d34919e\" data-id=\"69e738d34919e\" data-height=\"50\" data-height-mobile=\"0\" data-height-tab=\"\" data-height-tab-portrait=\"\" data-height-mobile-landscape=\"0\" style=\"clear:both;display:block;\"><\/div>[\/vc_column][\/vc_row]<\/p>\n<\/div>","protected":false},"excerpt":{"rendered":"<p>[vc_row gap=&#8220;35&#8243; full_height=&#8220;yes&#8220; columns_placement=&#8220;top&#8220; bg_type=&#8220;image&#8220; parallax_style=&#8220;vcpb-default&#8220; bg_image_new=&#8220;id^640|url^https:\/\/www.manus-fribourg.ch\/wp-content-329291\/uploads\/2020\/09\/delphine_guerry_cabinet.jpg|caption^null|alt^null|title^Delphine_Guerry_cabinet|description^null&#8220; bg_override=&#8220;full&#8220; enable_overlay=&#8220;enable_overlay_value&#8220; overlay_color=&#8220;rgba(255,255,255,0.68)&#8220;][vc_column][vc_row_inner][vc_column_inner width=&#8220;2\/3&#8243;][vc_column_text css=&#8220;.vc_custom_1607073504226{padding-top: 30px !important;}&#8220;]Das Ziel der Ergotherapie ist eine korrekte Ausf\u00fchrung allt\u00e4glicher Handlungen sowie die selbstbestimmte Teilhabe an allen Aspekten des soziokulturellen und beruflichen Lebens. Dies wird erreicht durch eine Verbesserung, Wiederherstellung oder Kompensation der beeintr\u00e4chtigten F\u00e4higkeiten und Funktionen. Neben geeigneten \u00dcbungen soll auch der&hellip;<\/p>\n","protected":false},"author":3,"featured_media":0,"parent":0,"menu_order":0,"comment_status":"closed","ping_status":"closed","template":"","meta":{"footnotes":""},"class_list":["post-514","page","type-page","status-publish","hentry","description-off"],"_links":{"self":[{"href":"https:\/\/www.manus-fribourg.ch\/de\/wp-json\/wp\/v2\/pages\/514","targetHints":{"allow":["GET"]}}],"collection":[{"href":"https:\/\/www.manus-fribourg.ch\/de\/wp-json\/wp\/v2\/pages"}],"about":[{"href":"https:\/\/www.manus-fribourg.ch\/de\/wp-json\/wp\/v2\/types\/page"}],"author":[{"embeddable":true,"href":"https:\/\/www.manus-fribourg.ch\/de\/wp-json\/wp\/v2\/users\/3"}],"replies":[{"embeddable":true,"href":"https:\/\/www.manus-fribourg.ch\/de\/wp-json\/wp\/v2\/comments?post=514"}],"version-history":[{"count":0,"href":"https:\/\/www.manus-fribourg.ch\/de\/wp-json\/wp\/v2\/pages\/514\/revisions"}],"wp:attachment":[{"href":"https:\/\/www.manus-fribourg.ch\/de\/wp-json\/wp\/v2\/media?parent=514"}],"curies":[{"name":"wp","href":"https:\/\/api.w.org\/{rel}","templated":true}]}}