{"id":2660,"date":"2023-05-17T09:16:07","date_gmt":"2023-05-17T07:16:07","guid":{"rendered":"https:\/\/www.manus-fribourg.ch\/?page_id=2660"},"modified":"2024-11-11T16:59:02","modified_gmt":"2024-11-11T15:59:02","slug":"jobs","status":"publish","type":"page","link":"https:\/\/www.manus-fribourg.ch\/de\/jobs\/","title":{"rendered":"Jobs"},"content":{"rendered":"\t\t<div data-elementor-type=\"wp-page\" data-elementor-id=\"2660\" class=\"elementor elementor-2660\" data-elementor-post-type=\"page\">\n\t\t\t\t<div class=\"elementor-element elementor-element-539f8030 e-flex e-con-boxed e-con e-parent\" data-id=\"539f8030\" data-element_type=\"container\" data-e-type=\"container\" data-settings=\"{&quot;background_background&quot;:&quot;classic&quot;}\">\n\t\t\t\t\t<div class=\"e-con-inner\">\n\t\t\t\t<div class=\"elementor-element elementor-element-6054b262 elementor-widget__width-auto elementor-widget-mobile__width-initial elementor-widget elementor-widget-heading\" data-id=\"6054b262\" data-element_type=\"widget\" data-e-type=\"widget\" data-widget_type=\"heading.default\">\n\t\t\t\t<div class=\"elementor-widget-container\">\n\t\t\t\t\t<h2 class=\"elementor-heading-title elementor-size-default\">\nRte du Petit Moncor 1a \u00b7 1752 Villars-sur-Gl\u00e2ne (Fribourg)<\/h2>\t\t\t\t<\/div>\n\t\t\t\t<\/div>\n\t\t\t\t<div class=\"elementor-element elementor-element-60ed34c6 elementor-align-end elementor-widget__width-auto elementor-icon-list--layout-traditional elementor-list-item-link-full_width elementor-widget elementor-widget-icon-list\" data-id=\"60ed34c6\" data-element_type=\"widget\" data-e-type=\"widget\" data-widget_type=\"icon-list.default\">\n\t\t\t\t<div class=\"elementor-widget-container\">\n\t\t\t\t\t\t\t<ul class=\"elementor-icon-list-items\">\n\t\t\t\t\t\t\t<li class=\"elementor-icon-list-item\">\n\t\t\t\t\t\t\t\t\t\t\t<a href=\"tel:+41264087190\">\n\n\t\t\t\t\t\t\t\t\t\t\t\t<span class=\"elementor-icon-list-icon\">\n\t\t\t\t\t\t\t<svg aria-hidden=\"true\" class=\"e-font-icon-svg e-fas-phone\" viewBox=\"0 0 512 512\" xmlns=\"http:\/\/www.w3.org\/2000\/svg\"><path d=\"M493.4 24.6l-104-24c-11.3-2.6-22.9 3.3-27.5 13.9l-48 112c-4.2 9.8-1.4 21.3 6.9 28l60.6 49.6c-36 76.7-98.9 140.5-177.2 177.2l-49.6-60.6c-6.8-8.3-18.2-11.1-28-6.9l-112 48C3.9 366.5-2 378.1.6 389.4l24 104C27.1 504.2 36.7 512 48 512c256.1 0 464-207.5 464-464 0-11.2-7.7-20.9-18.6-23.4z\"><\/path><\/svg>\t\t\t\t\t\t<\/span>\n\t\t\t\t\t\t\t\t\t\t<span class=\"elementor-icon-list-text\">+41 26 408 7190<\/span>\n\t\t\t\t\t\t\t\t\t\t\t<\/a>\n\t\t\t\t\t\t\t\t\t<\/li>\n\t\t\t\t\t\t<\/ul>\n\t\t\t\t\t\t<\/div>\n\t\t\t\t<\/div>\n\t\t\t\t\t<\/div>\n\t\t\t\t<\/div>\n\t\t<div class=\"elementor-element elementor-element-347519f7 e-flex e-con-boxed e-con e-parent\" data-id=\"347519f7\" data-element_type=\"container\" data-e-type=\"container\" data-settings=\"{&quot;background_background&quot;:&quot;classic&quot;}\">\n\t\t\t\t\t<div class=\"e-con-inner\">\n\t\t<div class=\"elementor-element elementor-element-41691535 e-con-full e-flex e-con e-child\" data-id=\"41691535\" data-element_type=\"container\" data-e-type=\"container\">\n\t\t\t\t<div class=\"elementor-element elementor-element-7eb29e4f elementor-widget__width-initial elementor-widget elementor-widget-image\" data-id=\"7eb29e4f\" data-element_type=\"widget\" data-e-type=\"widget\" data-widget_type=\"image.default\">\n\t\t\t\t<div class=\"elementor-widget-container\">\n\t\t\t\t\t\t\t\t\t\t\t\t\t\t\t<img decoding=\"async\" width=\"300\" height=\"86\" src=\"https:\/\/www.manus-fribourg.ch\/wp-content-329291\/uploads\/2024\/04\/manus-logo-242000x-8-300x86.png\" class=\"attachment-medium size-medium wp-image-2861\" alt=\"\" srcset=\"https:\/\/www.manus-fribourg.ch\/wp-content-329291\/uploads\/2024\/04\/manus-logo-242000x-8-300x86.png 300w, https:\/\/www.manus-fribourg.ch\/wp-content-329291\/uploads\/2024\/04\/manus-logo-242000x-8-1024x294.png 1024w, https:\/\/www.manus-fribourg.ch\/wp-content-329291\/uploads\/2024\/04\/manus-logo-242000x-8-1536x441.png 1536w, https:\/\/www.manus-fribourg.ch\/wp-content-329291\/uploads\/2024\/04\/manus-logo-242000x-8.png 2000w\" sizes=\"(max-width: 300px) 100vw, 300px\" \/>\t\t\t\t\t\t\t\t\t\t\t\t\t\t\t<\/div>\n\t\t\t\t<\/div>\n\t\t\t\t<div class=\"elementor-element elementor-element-17390b57 elementor-widget__width-initial elementor-widget-tablet__width-inherit elementor-widget elementor-widget-heading\" data-id=\"17390b57\" data-element_type=\"widget\" data-e-type=\"widget\" data-widget_type=\"heading.default\">\n\t\t\t\t<div class=\"elementor-widget-container\">\n\t\t\t\t\t<h2 class=\"elementor-heading-title elementor-size-default\">Chirurgie der peripheren Nerven<br>\nFacharzt f\u00fcr orthop\u00e4dische Chirurgie\nund <br> Traumatologie des Bewegungsapparates<\/h2>\t\t\t\t<\/div>\n\t\t\t\t<\/div>\n\t\t\t\t<\/div>\n\t\t<div class=\"elementor-element elementor-element-15e3c73a e-con-full e-flex e-con e-child\" data-id=\"15e3c73a\" data-element_type=\"container\" data-e-type=\"container\">\n\t\t\t\t<div class=\"elementor-element elementor-element-528edd53 elementor-widget__width-auto elementor-nav-menu__align-center elementor-nav-menu--dropdown-tablet elementor-nav-menu__text-align-aside elementor-nav-menu--toggle elementor-nav-menu--burger elementor-widget elementor-widget-nav-menu\" data-id=\"528edd53\" data-element_type=\"widget\" data-e-type=\"widget\" data-settings=\"{&quot;submenu_icon&quot;:{&quot;value&quot;:&quot;&lt;i aria-hidden=\\&quot;true\\&quot; class=\\&quot;\\&quot;&gt;&lt;\\\/i&gt;&quot;,&quot;library&quot;:&quot;&quot;},&quot;layout&quot;:&quot;horizontal&quot;,&quot;toggle&quot;:&quot;burger&quot;}\" data-widget_type=\"nav-menu.default\">\n\t\t\t\t<div class=\"elementor-widget-container\">\n\t\t\t\t\t\t\t\t<nav aria-label=\"Men\u00fc\" class=\"elementor-nav-menu--main elementor-nav-menu__container elementor-nav-menu--layout-horizontal e--pointer-underline e--animation-drop-in\">\n\t\t\t\t<ul id=\"menu-1-528edd53\" class=\"elementor-nav-menu\"><li class=\"menu-item menu-item-type-post_type menu-item-object-page menu-item-home menu-item-2421\"><a href=\"https:\/\/www.manus-fribourg.ch\/de\/\" class=\"elementor-item\">\u00a0<\/a><\/li>\n<li class=\"menu-item menu-item-type-post_type menu-item-object-page menu-item-has-children menu-item-79\"><a href=\"https:\/\/www.manus-fribourg.ch\/de\/patienten\/\" class=\"elementor-item\">Patienten<\/a>\n<ul class=\"sub-menu elementor-nav-menu--dropdown\">\n\t<li class=\"menu-item menu-item-type-post_type menu-item-object-page menu-item-933\"><a href=\"https:\/\/www.manus-fribourg.ch\/de\/patienten\/\" class=\"elementor-sub-item\">\u00dcBERSICHT<\/a><\/li>\n\t<li class=\"menu-item menu-item-type-post_type menu-item-object-page menu-item-928\"><a href=\"https:\/\/www.manus-fribourg.ch\/de\/behandlungen\/\" class=\"elementor-sub-item\">Behandlungen<\/a><\/li>\n\t<li class=\"menu-item menu-item-type-post_type menu-item-object-page menu-item-930\"><a href=\"https:\/\/www.manus-fribourg.ch\/de\/patienteninfo\/\" class=\"elementor-sub-item\">OP-Info<\/a><\/li>\n\t<li class=\"menu-item menu-item-type-post_type menu-item-object-page menu-item-1182\"><a href=\"https:\/\/www.manus-fribourg.ch\/de\/klassische-symptome\/\" class=\"elementor-sub-item\">Klassische Symptome<\/a><\/li>\n\t<li class=\"menu-item menu-item-type-post_type menu-item-object-page menu-item-929\"><a href=\"https:\/\/www.manus-fribourg.ch\/de\/glossar-m\/\" class=\"elementor-sub-item\">Glossar<\/a><\/li>\n<\/ul>\n<\/li>\n<li class=\"menu-item menu-item-type-post_type menu-item-object-page menu-item-107\"><a href=\"https:\/\/www.manus-fribourg.ch\/de\/team\/\" class=\"elementor-item\">Praxis<\/a><\/li>\n<li class=\"menu-item menu-item-type-post_type menu-item-object-page menu-item-1125\"><a href=\"https:\/\/www.manus-fribourg.ch\/de\/ergotherapie\/\" class=\"elementor-item\">Ergotherapie<\/a><\/li>\n<li class=\"menu-item menu-item-type-post_type menu-item-object-page menu-item-2967\"><a href=\"https:\/\/www.manus-fribourg.ch\/de\/jobs\/\" class=\"elementor-item\">Jobs<\/a><\/li>\n<li class=\"menu-item menu-item-type-post_type menu-item-object-page menu-item-76\"><a href=\"https:\/\/www.manus-fribourg.ch\/de\/kontakt\/\" class=\"elementor-item\">Kontakt<\/a><\/li>\n<li class=\"menu-item wpml-ls-slot-2 wpml-ls-item wpml-ls-item-fr wpml-ls-menu-item wpml-ls-first-item menu-item-type-wpml_ls_menu_item menu-item-object-wpml_ls_menu_item menu-item-wpml-ls-2-fr\"><a href=\"https:\/\/www.manus-fribourg.ch\/\" title=\"Wechseln zu Franz\u00f6sisch\" aria-label=\"Wechseln zu Franz\u00f6sisch\" class=\"elementor-item\"><img decoding=\"async\"\n            class=\"wpml-ls-flag\"\n            src=\"https:\/\/www.manus-fribourg.ch\/wp-content-329291\/plugins\/sitepress-multilingual-cms\/res\/flags\/fr.png\"\n            alt=\"Franz\u00f6sisch\"\n            loading=\"lazy\"\n            width=18\n            height=12\n    \/><\/a><\/li>\n<li class=\"menu-item wpml-ls-slot-2 wpml-ls-item wpml-ls-item-en wpml-ls-menu-item wpml-ls-last-item menu-item-type-wpml_ls_menu_item menu-item-object-wpml_ls_menu_item menu-item-wpml-ls-2-en\"><a href=\"https:\/\/www.manus-fribourg.ch\/en\/\" title=\"Wechseln zu Englisch\" aria-label=\"Wechseln zu Englisch\" class=\"elementor-item\"><img decoding=\"async\"\n            class=\"wpml-ls-flag\"\n            src=\"https:\/\/www.manus-fribourg.ch\/wp-content-329291\/plugins\/sitepress-multilingual-cms\/res\/flags\/en.png\"\n            alt=\"Englisch\"\n            loading=\"lazy\"\n            width=18\n            height=12\n    \/><\/a><\/li>\n<\/ul>\t\t\t<\/nav>\n\t\t\t\t\t<div class=\"elementor-menu-toggle\" role=\"button\" tabindex=\"0\" aria-label=\"Men\u00fc Umschalter\" aria-expanded=\"false\">\n\t\t\t<svg aria-hidden=\"true\" role=\"presentation\" class=\"elementor-menu-toggle__icon--open e-font-icon-svg e-eicon-menu-bar\" viewBox=\"0 0 1000 1000\" xmlns=\"http:\/\/www.w3.org\/2000\/svg\"><path d=\"M104 333H896C929 333 958 304 958 271S929 208 896 208H104C71 208 42 237 42 271S71 333 104 333ZM104 583H896C929 583 958 554 958 521S929 458 896 458H104C71 458 42 487 42 521S71 583 104 583ZM104 833H896C929 833 958 804 958 771S929 708 896 708H104C71 708 42 737 42 771S71 833 104 833Z\"><\/path><\/svg><svg aria-hidden=\"true\" role=\"presentation\" class=\"elementor-menu-toggle__icon--close e-font-icon-svg e-eicon-close\" viewBox=\"0 0 1000 1000\" xmlns=\"http:\/\/www.w3.org\/2000\/svg\"><path d=\"M742 167L500 408 258 167C246 154 233 150 217 150 196 150 179 158 167 167 154 179 150 196 150 212 150 229 154 242 171 254L408 500 167 742C138 771 138 800 167 829 196 858 225 858 254 829L496 587 738 829C750 842 767 846 783 846 800 846 817 842 829 829 842 817 846 804 846 783 846 767 842 750 829 737L588 500 833 258C863 229 863 200 833 171 804 137 775 137 742 167Z\"><\/path><\/svg>\t\t<\/div>\n\t\t\t\t\t<nav class=\"elementor-nav-menu--dropdown elementor-nav-menu__container\" aria-hidden=\"true\">\n\t\t\t\t<ul id=\"menu-2-528edd53\" class=\"elementor-nav-menu\"><li class=\"menu-item menu-item-type-post_type menu-item-object-page menu-item-home menu-item-2421\"><a href=\"https:\/\/www.manus-fribourg.ch\/de\/\" class=\"elementor-item\" tabindex=\"-1\">\u00a0<\/a><\/li>\n<li class=\"menu-item menu-item-type-post_type menu-item-object-page menu-item-has-children menu-item-79\"><a href=\"https:\/\/www.manus-fribourg.ch\/de\/patienten\/\" class=\"elementor-item\" tabindex=\"-1\">Patienten<\/a>\n<ul class=\"sub-menu elementor-nav-menu--dropdown\">\n\t<li class=\"menu-item menu-item-type-post_type menu-item-object-page menu-item-933\"><a href=\"https:\/\/www.manus-fribourg.ch\/de\/patienten\/\" class=\"elementor-sub-item\" tabindex=\"-1\">\u00dcBERSICHT<\/a><\/li>\n\t<li class=\"menu-item menu-item-type-post_type menu-item-object-page menu-item-928\"><a href=\"https:\/\/www.manus-fribourg.ch\/de\/behandlungen\/\" class=\"elementor-sub-item\" tabindex=\"-1\">Behandlungen<\/a><\/li>\n\t<li class=\"menu-item menu-item-type-post_type menu-item-object-page menu-item-930\"><a href=\"https:\/\/www.manus-fribourg.ch\/de\/patienteninfo\/\" class=\"elementor-sub-item\" tabindex=\"-1\">OP-Info<\/a><\/li>\n\t<li class=\"menu-item menu-item-type-post_type menu-item-object-page menu-item-1182\"><a href=\"https:\/\/www.manus-fribourg.ch\/de\/klassische-symptome\/\" class=\"elementor-sub-item\" tabindex=\"-1\">Klassische Symptome<\/a><\/li>\n\t<li class=\"menu-item menu-item-type-post_type menu-item-object-page menu-item-929\"><a href=\"https:\/\/www.manus-fribourg.ch\/de\/glossar-m\/\" class=\"elementor-sub-item\" tabindex=\"-1\">Glossar<\/a><\/li>\n<\/ul>\n<\/li>\n<li class=\"menu-item menu-item-type-post_type menu-item-object-page menu-item-107\"><a href=\"https:\/\/www.manus-fribourg.ch\/de\/team\/\" class=\"elementor-item\" tabindex=\"-1\">Praxis<\/a><\/li>\n<li class=\"menu-item menu-item-type-post_type menu-item-object-page menu-item-1125\"><a href=\"https:\/\/www.manus-fribourg.ch\/de\/ergotherapie\/\" class=\"elementor-item\" tabindex=\"-1\">Ergotherapie<\/a><\/li>\n<li class=\"menu-item menu-item-type-post_type menu-item-object-page menu-item-2967\"><a href=\"https:\/\/www.manus-fribourg.ch\/de\/jobs\/\" class=\"elementor-item\" tabindex=\"-1\">Jobs<\/a><\/li>\n<li class=\"menu-item menu-item-type-post_type menu-item-object-page menu-item-76\"><a href=\"https:\/\/www.manus-fribourg.ch\/de\/kontakt\/\" class=\"elementor-item\" tabindex=\"-1\">Kontakt<\/a><\/li>\n<li class=\"menu-item wpml-ls-slot-2 wpml-ls-item wpml-ls-item-fr wpml-ls-menu-item wpml-ls-first-item menu-item-type-wpml_ls_menu_item menu-item-object-wpml_ls_menu_item menu-item-wpml-ls-2-fr\"><a href=\"https:\/\/www.manus-fribourg.ch\/\" title=\"Wechseln zu Franz\u00f6sisch\" aria-label=\"Wechseln zu Franz\u00f6sisch\" class=\"elementor-item\" tabindex=\"-1\"><img decoding=\"async\"\n            class=\"wpml-ls-flag\"\n            src=\"https:\/\/www.manus-fribourg.ch\/wp-content-329291\/plugins\/sitepress-multilingual-cms\/res\/flags\/fr.png\"\n            alt=\"Franz\u00f6sisch\"\n            loading=\"lazy\"\n            width=18\n            height=12\n    \/><\/a><\/li>\n<li class=\"menu-item wpml-ls-slot-2 wpml-ls-item wpml-ls-item-en wpml-ls-menu-item wpml-ls-last-item menu-item-type-wpml_ls_menu_item menu-item-object-wpml_ls_menu_item menu-item-wpml-ls-2-en\"><a href=\"https:\/\/www.manus-fribourg.ch\/en\/\" title=\"Wechseln zu Englisch\" aria-label=\"Wechseln zu Englisch\" class=\"elementor-item\" tabindex=\"-1\"><img decoding=\"async\"\n            class=\"wpml-ls-flag\"\n            src=\"https:\/\/www.manus-fribourg.ch\/wp-content-329291\/plugins\/sitepress-multilingual-cms\/res\/flags\/en.png\"\n            alt=\"Englisch\"\n            loading=\"lazy\"\n            width=18\n            height=12\n    \/><\/a><\/li>\n<\/ul>\t\t\t<\/nav>\n\t\t\t\t\t\t<\/div>\n\t\t\t\t<\/div>\n\t\t\t\t<\/div>\n\t\t\t\t\t<\/div>\n\t\t\t\t<\/div>\n\t\t<div class=\"elementor-element elementor-element-5594dfe6 e-flex e-con-boxed e-con e-parent\" data-id=\"5594dfe6\" data-element_type=\"container\" data-e-type=\"container\" data-settings=\"{&quot;background_background&quot;:&quot;classic&quot;}\">\n\t\t\t\t\t<div class=\"e-con-inner\">\n\t\t\t\t\t<\/div>\n\t\t\t\t<\/div>\n\t\t<div class=\"elementor-element elementor-element-cfa96e0 e-flex e-con-boxed e-con e-parent\" data-id=\"cfa96e0\" data-element_type=\"container\" data-e-type=\"container\" data-settings=\"{&quot;background_background&quot;:&quot;classic&quot;}\">\n\t\t\t\t\t<div class=\"e-con-inner\">\n\t\t\t\t<div class=\"elementor-element elementor-element-6228d203 elementor-widget elementor-widget-heading\" data-id=\"6228d203\" data-element_type=\"widget\" data-e-type=\"widget\" data-widget_type=\"heading.default\">\n\t\t\t\t<div class=\"elementor-widget-container\">\n\t\t\t\t\t<h2 class=\"elementor-heading-title elementor-size-default\">KARRIERE bei MANUS<\/h2>\t\t\t\t<\/div>\n\t\t\t\t<\/div>\n\t\t\t\t\t<\/div>\n\t\t\t\t<\/div>\n\t\t<div class=\"elementor-element elementor-element-534133bd e-flex e-con-boxed e-con e-parent\" data-id=\"534133bd\" data-element_type=\"container\" data-e-type=\"container\" data-settings=\"{&quot;background_background&quot;:&quot;classic&quot;,&quot;shape_divider_bottom&quot;:&quot;curve&quot;,&quot;shape_divider_bottom_negative&quot;:&quot;yes&quot;}\">\n\t\t\t\t\t<div class=\"e-con-inner\">\n\t\t\t\t<div class=\"elementor-shape elementor-shape-bottom\" aria-hidden=\"true\" data-negative=\"true\">\n\t\t\t<svg xmlns=\"http:\/\/www.w3.org\/2000\/svg\" viewBox=\"0 0 1000 100\" preserveAspectRatio=\"none\">\n\t<path class=\"elementor-shape-fill\" d=\"M500,97C126.7,96.3,0.8,19.8,0,0v100l1000,0V1C1000,19.4,873.3,97.8,500,97z\"\/>\n<\/svg>\t\t<\/div>\n\t\t\t\t<div class=\"elementor-element elementor-element-32d1ec4b elementor-widget__width-initial elementor-widget elementor-widget-text-editor\" data-id=\"32d1ec4b\" data-element_type=\"widget\" data-e-type=\"widget\" data-widget_type=\"text-editor.default\">\n\t\t\t\t<div class=\"elementor-widget-container\">\n\t\t\t\t\t\t\t\t\t<h2>Selbstst\u00e4ndige\/r <br \/>Ergotherapeut 40-100%.<\/h2><p>Die Arztpraxis Manus ist auf Handchirurgie und Chirurgie der peripheren Nerven spezialisiert.<br \/>Wir suchen eine\/n selbstst\u00e4ndige\/n Ergotherapeut\/in Teilzeit oder Vollzeit f\u00fcr 40-100% .<br \/>Stellenantritt Mitte Januar 2025 oder nach Vereinbarung.<\/p><p><strong>Gesuchtes Profil:<\/strong><\/p><ul><li>Diplom als Ergotherapeut\/in, in der Schweiz anerkannt<\/li><li>Selbst\u00e4ndigerwerbender Status und Arbeitserlaubnis im Kanton Freiburg<\/li><li>Erfahrung im Bereich der Rehabilitation der oberen Extremit\u00e4t\/Hand<\/li><li>Beherrschung der franz\u00f6sischen Sprache, Deutschkenntnisse von Vorteil<\/li><li>Motivation, im Team mit der bereits angestellten Ergotherapeutin zu arbeiten<br \/>Wir bieten:<\/li><li>Gro\u00dfz\u00fcgig eingerichtete und potenziell ausgestattete R\u00e4umlichkeiten<\/li><li>Sekretariat, im Infrastrukturnutzungsvertrag inbegriffen<\/li><li>IT-Unterst\u00fctzung<\/li><li>M\u00f6glichkeit, externe Patienten zu betreuen<\/li><li>Zusammenarbeit mit Dr. C. Erling und seinen Teams sowie interne Fortbildungen<\/li><\/ul><p><strong>Auskunft:<\/strong><\/p><p>Delphine Guerry, freiberufliche Ergotherapeutin, 026 408 71 90, ergo@manus-fribourg.ch.<br \/>www.manus-fribourg.ch<br \/>www.espace-ergo.ch<\/p><p><strong>Sie k\u00f6nnen Ihre Bewerbungen an folgende Adresse oder per E-Mail senden:<\/strong><\/p><p>Ergoth\u00e9rapie Delphine Guerry<br \/>c\/o Cabinet Manus<br \/>Rte du Petit-Moncor 1A<br \/>1752 Villars-sur-Gl\u00e2ne<br \/><a href=\"mailto:ergo@manus-fribourg.ch\">ergo@manus-fribourg.ch<\/a><\/p>\t\t\t\t\t\t\t\t<\/div>\n\t\t\t\t<\/div>\n\t\t\t\t\t<\/div>\n\t\t\t\t<\/div>\n\t\t\t\t<\/div>\n\t\t","protected":false},"excerpt":{"rendered":"<p>Rte du Petit Moncor 1a \u00b7 1752 Villars-sur-Gl\u00e2ne (Fribourg) +41 26 408 7190 Chirurgie der peripheren Nerven Facharzt f\u00fcr orthop\u00e4dische Chirurgie und Traumatologie des Bewegungsapparates KARRIERE bei MANUS Selbstst\u00e4ndige\/r Ergotherapeut 40-100%. Die Arztpraxis Manus ist auf Handchirurgie und Chirurgie der peripheren Nerven spezialisiert.Wir suchen eine\/n selbstst\u00e4ndige\/n Ergotherapeut\/in Teilzeit oder Vollzeit f\u00fcr 40-100% .Stellenantritt Mitte Januar&hellip;<\/p>\n","protected":false},"author":3,"featured_media":0,"parent":0,"menu_order":0,"comment_status":"closed","ping_status":"closed","template":"elementor_canvas","meta":{"footnotes":""},"class_list":["post-2660","page","type-page","status-publish","hentry"],"_links":{"self":[{"href":"https:\/\/www.manus-fribourg.ch\/de\/wp-json\/wp\/v2\/pages\/2660","targetHints":{"allow":["GET"]}}],"collection":[{"href":"https:\/\/www.manus-fribourg.ch\/de\/wp-json\/wp\/v2\/pages"}],"about":[{"href":"https:\/\/www.manus-fribourg.ch\/de\/wp-json\/wp\/v2\/types\/page"}],"author":[{"embeddable":true,"href":"https:\/\/www.manus-fribourg.ch\/de\/wp-json\/wp\/v2\/users\/3"}],"replies":[{"embeddable":true,"href":"https:\/\/www.manus-fribourg.ch\/de\/wp-json\/wp\/v2\/comments?post=2660"}],"version-history":[{"count":0,"href":"https:\/\/www.manus-fribourg.ch\/de\/wp-json\/wp\/v2\/pages\/2660\/revisions"}],"wp:attachment":[{"href":"https:\/\/www.manus-fribourg.ch\/de\/wp-json\/wp\/v2\/media?parent=2660"}],"curies":[{"name":"wp","href":"https:\/\/api.w.org\/{rel}","templated":true}]}}