{"id":265,"date":"2019-11-20T17:40:37","date_gmt":"2019-11-20T16:40:37","guid":{"rendered":"https:\/\/www.manus-surgery.ch\/?page_id=265"},"modified":"2022-08-10T10:18:40","modified_gmt":"2022-08-10T08:18:40","slug":"impressum","status":"publish","type":"page","link":"https:\/\/www.manus-fribourg.ch\/de\/impressum\/","title":{"rendered":"Impressum"},"content":{"rendered":"<div class=\"wpb-content-wrapper\"><p>[vc_row][vc_column width=&#8220;1\/2&#8243;][vc_column_text]<\/p>\n<h2>Verantwortlich f\u00fcr diese Website<\/h2>\n<p>Dr. med. Christoph C. Erling<br \/>\nRte du Petit Moncor 1a<br \/>\n1752 Villars-sur-Gl\u00e2ne<\/p>\n<p><a class=\"\" href=\"mailto:info-manus@hin.ch\">info-manus@hin.ch<\/a><\/p>\n<p>&nbsp;<\/p>\n<p><small><strong>Website<\/strong><br \/>\n<a href=\"https:\/\/www.tba-hamburg.de\" target=\"_blank\" rel=\"noopener noreferrer\">TBA Hamburg &#8211; Webdesign<\/a><br \/>\n<a href=\"https:\/\/www.tba-berlin.de\" target=\"_blank\" rel=\"noopener noreferrer\">TBA-Berlin &#8211; Webentwicklung<\/a><\/small>[\/vc_column_text][\/vc_column][vc_column width=&#8220;1\/2&#8243; el_class=&#8220;t_text_small&#8220; css=&#8220;.vc_custom_1611432961748{padding-top: 35px !important;padding-right: 35px !important;padding-bottom: 15px !important;padding-left: 35px !important;background-color: #f4f4f4 !important;}&#8220;][vc_column_text]<strong>Rechtliche Hinweise<\/strong><br \/>\nMit dem Zugriff auf die Internetseiten <a href=\"https:\/\/www.manus-fribourg.ch\">www.manus-fribourg.ch<\/a> und alle weiteren Subdomains erkl\u00e4ren Sie sich mit den nachstehenden Nutzungsbedingungen einverstanden:<\/p>\n<p><strong>Nutzung der Website<\/strong><br \/>\nDiese\u00a0Website\u00a0dient ausschliesslich der allgemeinen Information und ist eine Serviceleistung f\u00fcr Patienten, zuweisende \u00c4rzte und weitere Interessengruppen. Sie erhebt keinen Anspruch auf Richtigkeit und Vollst\u00e4ndigkeit. Allf\u00e4llige medizinische Ratschl\u00e4ge ersetzen nicht das Aufsuchen eines Arztes und werden auf eigenes Risiko befolgt.<\/p>\n<p><strong>Haftungshinweis<\/strong><br \/>\nDr. Christoph Erling lehnt jegliche Haftung f\u00fcr Sch\u00e4den oder Folgesch\u00e4den ab, die sich aus dem Zugriff auf seine Website beziehungsweise auf einzelne Teile davon (wie z.B. heruntergeladene Dokumente), deren Benutzung (bzw. aus der Unm\u00f6glichkeit des Zugriffs oder der Benutzung) oder Links auf andere Websites ergeben. Die Inhalte dieser Website k\u00f6nnen falsch oder unvollst\u00e4ndig \u00fcbertragen werden.<\/p>\n<p><strong>Urheberrecht<\/strong><br \/>\nInhalt und Struktur dieser Website sind urheberrechtlich gesch\u00fctzt; alle Rechte sind vorbehalten. Das Copyright f\u00fcr auf dieser Website, ver\u00f6ffentlichte und selbst erstellte Inhalte verbleibt bei Dr. Christoph Erling. F\u00fcr den privaten Gebrauch ist die Weiterverwendung mit vollst\u00e4ndiger Quellenangabe erlaubt. Jede andere Verwendung \u2013 insbesondere das vollst\u00e4ndige oder teilweise Reproduzieren in elektronischer oder gedruckter Form \u2013 derartiger Texte, Grafiken, Bilder, Tondokumente und ist nur mit vorheriger schriftlicher Einwilligung gestattet.<\/p>\n<p><strong>Anwendbares Recht und Gerichtsstand<\/strong><br \/>\nEs ist schweizerisches Recht anwendbar. Gerichtsstand ist ausschliesslich Fribourg.[\/vc_column_text][\/vc_column][\/vc_row]<\/p>\n<\/div>","protected":false},"excerpt":{"rendered":"<p>[vc_row][vc_column width=&#8220;1\/2&#8243;][vc_column_text] Verantwortlich f\u00fcr diese Website Dr. med. Christoph C. Erling Rte du Petit Moncor 1a 1752 Villars-sur-Gl\u00e2ne info-manus@hin.ch &nbsp; Website TBA Hamburg &#8211; Webdesign TBA-Berlin &#8211; Webentwicklung[\/vc_column_text][\/vc_column][vc_column width=&#8220;1\/2&#8243; el_class=&#8220;t_text_small&#8220; css=&#8220;.vc_custom_1611432961748{padding-top: 35px !important;padding-right: 35px !important;padding-bottom: 15px !important;padding-left: 35px !important;background-color: #f4f4f4 !important;}&#8220;][vc_column_text]Rechtliche Hinweise Mit dem Zugriff auf die Internetseiten www.manus-fribourg.ch und alle weiteren Subdomains erkl\u00e4ren Sie&hellip;<\/p>\n","protected":false},"author":2,"featured_media":0,"parent":0,"menu_order":0,"comment_status":"closed","ping_status":"closed","template":"","meta":{"footnotes":""},"class_list":["post-265","page","type-page","status-publish","hentry","description-off"],"_links":{"self":[{"href":"https:\/\/www.manus-fribourg.ch\/de\/wp-json\/wp\/v2\/pages\/265","targetHints":{"allow":["GET"]}}],"collection":[{"href":"https:\/\/www.manus-fribourg.ch\/de\/wp-json\/wp\/v2\/pages"}],"about":[{"href":"https:\/\/www.manus-fribourg.ch\/de\/wp-json\/wp\/v2\/types\/page"}],"author":[{"embeddable":true,"href":"https:\/\/www.manus-fribourg.ch\/de\/wp-json\/wp\/v2\/users\/2"}],"replies":[{"embeddable":true,"href":"https:\/\/www.manus-fribourg.ch\/de\/wp-json\/wp\/v2\/comments?post=265"}],"version-history":[{"count":0,"href":"https:\/\/www.manus-fribourg.ch\/de\/wp-json\/wp\/v2\/pages\/265\/revisions"}],"wp:attachment":[{"href":"https:\/\/www.manus-fribourg.ch\/de\/wp-json\/wp\/v2\/media?parent=265"}],"curies":[{"name":"wp","href":"https:\/\/api.w.org\/{rel}","templated":true}]}}