{"id":2593,"date":"2022-09-07T16:08:06","date_gmt":"2022-09-07T14:08:06","guid":{"rendered":"https:\/\/www.manus-fribourg.ch\/?page_id=2593"},"modified":"2025-07-18T09:51:49","modified_gmt":"2025-07-18T07:51:49","slug":"dr-christoph-erling","status":"publish","type":"page","link":"https:\/\/www.manus-fribourg.ch\/de\/dr-christoph-erling\/","title":{"rendered":"Dr. Christoph Erling"},"content":{"rendered":"\t\t<div data-elementor-type=\"wp-page\" data-elementor-id=\"2593\" class=\"elementor elementor-2593\" data-elementor-post-type=\"page\">\n\t\t\t\t<div class=\"elementor-element elementor-element-430c3efc e-flex e-con-boxed e-con e-parent\" data-id=\"430c3efc\" data-element_type=\"container\" data-e-type=\"container\" data-settings=\"{&quot;background_background&quot;:&quot;video&quot;,&quot;background_video_link&quot;:&quot;https:\\\/\\\/www.manus-fribourg.ch\\\/wp-content-329291\\\/uploads\\\/2024\\\/04\\\/manus-24.mp4&quot;}\">\n\t\t\t\t\t<div class=\"e-con-inner\">\n\t\t<div class=\"elementor-background-video-container elementor-hidden-mobile\">\n\t\t\t\t\t\t\t<video class=\"elementor-background-video-hosted\" role=\"presentation\" autoplay muted playsinline loop><\/video>\n\t\t\t\t\t<\/div>\t\t<div class=\"elementor-element elementor-element-19bc9a4 elementor-widget__width-initial elementor-widget elementor-widget-image\" data-id=\"19bc9a4\" data-element_type=\"widget\" data-e-type=\"widget\" data-settings=\"{&quot;sticky&quot;:&quot;top&quot;,&quot;sticky_on&quot;:[&quot;desktop&quot;,&quot;tablet&quot;],&quot;sticky_offset&quot;:81,&quot;sticky_effects_offset&quot;:0,&quot;sticky_anchor_link_offset&quot;:0}\" data-widget_type=\"image.default\">\n\t\t\t\t<div class=\"elementor-widget-container\">\n\t\t\t\t\t\t\t\t\t\t\t\t<figure class=\"wp-caption\">\n\t\t\t\t\t\t\t\t\t\t<img fetchpriority=\"high\" decoding=\"async\" width=\"712\" height=\"777\" src=\"https:\/\/www.manus-fribourg.ch\/wp-content-329291\/uploads\/2019\/08\/dr-c-erling.png\" class=\"attachment-large size-large wp-image-114\" alt=\"\" srcset=\"https:\/\/www.manus-fribourg.ch\/wp-content-329291\/uploads\/2019\/08\/dr-c-erling.png 712w, https:\/\/www.manus-fribourg.ch\/wp-content-329291\/uploads\/2019\/08\/dr-c-erling-275x300.png 275w\" sizes=\"(max-width: 712px) 100vw, 712px\" \/>\t\t\t\t\t\t\t\t\t\t\t<figcaption class=\"widget-image-caption wp-caption-text\">Dr. Christoph Erling<\/figcaption>\n\t\t\t\t\t\t\t\t\t\t<\/figure>\n\t\t\t\t\t\t\t\t\t<\/div>\n\t\t\t\t<\/div>\n\t\t<div class=\"elementor-element elementor-element-e1cb8d8 e-con-full e-flex e-con e-child\" data-id=\"e1cb8d8\" data-element_type=\"container\" data-e-type=\"container\">\n\t\t\t\t<div class=\"elementor-element elementor-element-1882930 elementor-widget__width-auto elementor-widget elementor-widget-heading\" data-id=\"1882930\" data-element_type=\"widget\" data-e-type=\"widget\" data-widget_type=\"heading.default\">\n\t\t\t\t<div class=\"elementor-widget-container\">\n\t\t\t\t\t<h2 class=\"elementor-heading-title elementor-size-default\">Dr. Christoph Erling<\/h2>\t\t\t\t<\/div>\n\t\t\t\t<\/div>\n\t\t\t\t<div class=\"elementor-element elementor-element-8f1afdd elementor-widget__width-inherit elementor-widget elementor-widget-heading\" data-id=\"8f1afdd\" data-element_type=\"widget\" data-e-type=\"widget\" data-widget_type=\"heading.default\">\n\t\t\t\t<div class=\"elementor-widget-container\">\n\t\t\t\t\t<h2 class=\"elementor-heading-title elementor-size-default\">Leitung<\/h2>\t\t\t\t<\/div>\n\t\t\t\t<\/div>\n\t\t<div class=\"elementor-element elementor-element-7f8ab53 e-con-full e-flex e-con e-child\" data-id=\"7f8ab53\" data-element_type=\"container\" data-e-type=\"container\">\n\t\t\t\t<div class=\"elementor-element elementor-element-c6bfb63 elementor-widget elementor-widget-heading\" data-id=\"c6bfb63\" data-element_type=\"widget\" data-e-type=\"widget\" data-widget_type=\"heading.default\">\n\t\t\t\t<div class=\"elementor-widget-container\">\n\t\t\t\t\t<h2 class=\"elementor-heading-title elementor-size-default\">Berufliche Laufbahn<\/h2>\t\t\t\t<\/div>\n\t\t\t\t<\/div>\n\t\t\t\t<div class=\"elementor-element elementor-element-cf471a6 elementor-widget elementor-widget-text-editor\" data-id=\"cf471a6\" data-element_type=\"widget\" data-e-type=\"widget\" data-widget_type=\"text-editor.default\">\n\t\t\t\t<div class=\"elementor-widget-container\">\n\t\t\t\t\t\t\t\t\t<h3>2016-2019<\/h3><p>Oberarzt, Plastische Chirurgie und Handchirurgie Universit\u00e4tsSpital Z\u00fcrich, Z\u00fcrich<\/p><h3>2014-2016<\/h3><p>Oberarzt, Orthop\u00e4die und Traumatologie \u2013 Abteilung Handchirurgie Hopitaux Universitaires de Gen\u00e8ve, Genf<\/p><h3>2012-2014<\/h3><p>Oberarzt, Orthop\u00e4die und Traumatologie<br \/>Hopital cantonal de Fribourg, Freiburg<\/p><h3>2009-2012<\/h3><p>Assistenzarzt, Orthop\u00e4die und Traumatologie<br \/>Hopital cantonal de Fribourg, Freiburg<\/p><h3>2008-2009<\/h3><p>Assistenzarzt, Plastische Chirurgie, Handchirurgie &amp; Orthop\u00e4die<br \/>Clinique de Longeraie, Lausanne<\/p><h3>2008<\/h3><p>Assistenzarzt, Thorax- und Gef\u00e4sschirurgie<br \/>Centre hospitalier universitaire vaudois, Lausanne<\/p><h3>2007-2008<\/h3><p>Assistenzarzt, Urologie<br \/>Centre hospitalier universitaire vaudois, Lausanne<\/p><h3>2007<\/h3><p>Assistenzarzt, Viszeralchirurgie<br \/>Centre hospitalier universitaire vaudois, Lausanne<\/p><p>\u00a0<\/p>\t\t\t\t\t\t\t\t<\/div>\n\t\t\t\t<\/div>\n\t\t\t\t<\/div>\n\t\t<div class=\"elementor-element elementor-element-2254dc2 e-con-full e-flex e-con e-child\" data-id=\"2254dc2\" data-element_type=\"container\" data-e-type=\"container\" data-settings=\"{&quot;background_background&quot;:&quot;classic&quot;}\">\n\t\t\t\t<div class=\"elementor-element elementor-element-562a14c elementor-widget elementor-widget-heading\" data-id=\"562a14c\" data-element_type=\"widget\" data-e-type=\"widget\" data-widget_type=\"heading.default\">\n\t\t\t\t<div class=\"elementor-widget-container\">\n\t\t\t\t\t<h2 class=\"elementor-heading-title elementor-size-default\">Universit\u00e4re Ausbildung<\/h2>\t\t\t\t<\/div>\n\t\t\t\t<\/div>\n\t\t\t\t<div class=\"elementor-element elementor-element-5b8c95b elementor-widget elementor-widget-text-editor\" data-id=\"5b8c95b\" data-element_type=\"widget\" data-e-type=\"widget\" data-widget_type=\"text-editor.default\">\n\t\t\t\t<div class=\"elementor-widget-container\">\n\t\t\t\t\t\t\t\t\t<h3>12\/2009<\/h3><p><strong>Doktorarbeit:<\/strong><br \/>\u00abFingergelenksarthrodesen DIP, PIP, IP &amp; MCP<br \/>Eine retrospektive Studie zum Ergebnis der Arthrodese mit Hilfe des DASH-Fragebogens. Vergleichende Studie der Arthrodesetechniken und Arthrodesealternativen\u00bb<br \/>Abteilung f\u00fcr Handchirurgie Malteser-Krankenhaus, Bonn (DE) Doktorvater: Prof. Dr. P. Br\u00fcser<\/p><h3>\u00a0<\/h3><h3>04\/2005-03\/2006<\/h3><p>Medizin: praktisches Jahr: LMU Universit\u00e4t M\u00fcnchen (DE)<\/p><p><span style=\"text-decoration: underline;\">Auslandspraktikum:<\/span><br \/>Lausanne (CH), 08-12\/2005: Innere Medizin<br \/>Strasbourg (FR), 04-08\/2005: Viszeralchirurgie<\/p><h3>\u00a0<\/h3><h3>04\/2002-03\/2005<\/h3><p>Medizin: klinische Jahre: Universit\u00e4t Bonn (DE)<\/p><p><span style=\"text-decoration: underline;\">Auslandspraktikum:<br \/><\/span>Ballinasloe (IE) 08-09\/2003: Allgemeinchirurgie<\/p><h3>\u00a0<\/h3><h3>10\/1999-03\/2002<\/h3><p>Medizin: Vorklinik: Universit\u00e4t G\u00f6ttingen (DE)<\/p><p><span style=\"text-decoration: underline;\">Auslandspraktikum<\/span><br \/>Innsbruck (AT), 02-03\/2002: Kardiologie<\/p>\t\t\t\t\t\t\t\t<\/div>\n\t\t\t\t<\/div>\n\t\t\t\t<\/div>\n\t\t\t\t<\/div>\n\t\t\t\t\t<\/div>\n\t\t\t\t<\/div>\n\t\t\t\t<\/div>\n\t\t","protected":false},"excerpt":{"rendered":"<p>Dr. Christoph Erling Dr. Christoph Erling Leitung Berufliche Laufbahn 2016-2019 Oberarzt, Plastische Chirurgie und Handchirurgie Universit\u00e4tsSpital Z\u00fcrich, Z\u00fcrich 2014-2016 Oberarzt, Orthop\u00e4die und Traumatologie \u2013 Abteilung Handchirurgie Hopitaux Universitaires de Gen\u00e8ve, Genf 2012-2014 Oberarzt, Orthop\u00e4die und TraumatologieHopital cantonal de Fribourg, Freiburg 2009-2012 Assistenzarzt, Orthop\u00e4die und TraumatologieHopital cantonal de Fribourg, Freiburg 2008-2009 Assistenzarzt, Plastische Chirurgie, Handchirurgie &amp;&hellip;<\/p>\n","protected":false},"author":3,"featured_media":0,"parent":0,"menu_order":0,"comment_status":"closed","ping_status":"closed","template":"elementor_header_footer","meta":{"footnotes":""},"class_list":["post-2593","page","type-page","status-publish","hentry"],"_links":{"self":[{"href":"https:\/\/www.manus-fribourg.ch\/de\/wp-json\/wp\/v2\/pages\/2593","targetHints":{"allow":["GET"]}}],"collection":[{"href":"https:\/\/www.manus-fribourg.ch\/de\/wp-json\/wp\/v2\/pages"}],"about":[{"href":"https:\/\/www.manus-fribourg.ch\/de\/wp-json\/wp\/v2\/types\/page"}],"author":[{"embeddable":true,"href":"https:\/\/www.manus-fribourg.ch\/de\/wp-json\/wp\/v2\/users\/3"}],"replies":[{"embeddable":true,"href":"https:\/\/www.manus-fribourg.ch\/de\/wp-json\/wp\/v2\/comments?post=2593"}],"version-history":[{"count":0,"href":"https:\/\/www.manus-fribourg.ch\/de\/wp-json\/wp\/v2\/pages\/2593\/revisions"}],"wp:attachment":[{"href":"https:\/\/www.manus-fribourg.ch\/de\/wp-json\/wp\/v2\/media?parent=2593"}],"curies":[{"name":"wp","href":"https:\/\/api.w.org\/{rel}","templated":true}]}}