{"id":2579,"date":"2022-09-07T16:07:03","date_gmt":"2022-09-07T14:07:03","guid":{"rendered":"https:\/\/www.manus-fribourg.ch\/?page_id=2579"},"modified":"2024-08-21T17:15:36","modified_gmt":"2024-08-21T15:15:36","slug":"dr-monika-beaud","status":"publish","type":"page","link":"https:\/\/www.manus-fribourg.ch\/de\/dr-monika-beaud\/","title":{"rendered":"Dr Monika Beaud"},"content":{"rendered":"<div class=\"wpb-content-wrapper\"><p>[vc_row full_height=&#8220;yes&#8220; columns_placement=&#8220;top&#8220; content_placement=&#8220;top&#8220; bg_type=&#8220;u_iframe&#8220; u_video_url=&#8220;https:\/\/www.youtube.com\/watch?v=D-l6EpNI0_I&#8220; video_opts=&#8220;loop,muted&#8220; video_poster=&#8220;id^45|url^https:\/\/www.manus-fribourg.ch\/wp-content-329291\/uploads\/2019\/08\/manus-handvideo-still.jpg|caption^null|alt^null|title^MANUS-Handvideo-still|description^null&#8220; bg_override=&#8220;full&#8220; enable_overlay=&#8220;enable_overlay_value&#8220; overlay_color=&#8220;rgba(255,255,255,0.69)&#8220;][vc_column css=&#8220;.vc_custom_1564773753121{margin-top: -200px !important;}&#8220;]<div class=\"ult-spacer spacer-69e05d167dbd6\" data-id=\"69e05d167dbd6\" data-height=\"400\" data-height-mobile=\"400\" data-height-tab=\"400\" data-height-tab-portrait=\"\" data-height-mobile-landscape=\"\" style=\"clear:both;display:block;\"><\/div><div id=\"ultimate-heading-343269e05d167dc21\" class=\"uvc-heading ult-adjust-bottom-margin ultimate-heading-343269e05d167dc21 uvc-2443  uvc-heading-default-font-sizes\" data-hspacer=\"no_spacer\"  data-halign=\"left\" style=\"text-align:left\"><div class=\"uvc-heading-spacer no_spacer\" style=\"top\"><\/div><div class=\"uvc-main-heading ult-responsive\"  data-ultimate-target='.uvc-heading.ultimate-heading-343269e05d167dc21 h2'  data-responsive-json-new='{\"font-size\":\"\",\"line-height\":\"\"}' ><h2 style=\"--font-weight:theme;\">Dr. Monika Beaud<\/h2><\/div><\/div>[vc_row_inner gap=&#8220;35&#8243;][vc_column_inner width=&#8220;1\/5&#8243;][vc_single_image image=&#8220;2588&#8243; img_size=&#8220;full&#8220; alignment=&#8220;center&#8220; style=&#8220;vc_box_shadow_3d&#8220; onclick=&#8220;link_image&#8220;][\/vc_column_inner][vc_column_inner width=&#8220;2\/5&#8243;]<div class=\"dt-fancy-separator title-left\" style=\"width: 100%;\"><div class=\"dt-fancy-title bg-on\" style=\"color: #ffffff;background-color: #877868;\"><span class=\"separator-holder separator-left\" style=\"border-color: #877868;\"><\/span>Berufliche Laufbahn<span class=\"separator-holder separator-right\" style=\"border-color: #877868;\"><\/span><\/div><\/div><div class=\"ult-spacer spacer-69e05d167dc82\" data-id=\"69e05d167dc82\" data-height=\"25\" data-height-mobile=\"25\" data-height-tab=\"25\" data-height-tab-portrait=\"\" data-height-mobile-landscape=\"\" style=\"clear:both;display:block;\"><\/div>[vc_column_text]<\/p>\n<h3>08\/2020 \u2013 07\/2021<\/h3>\n<p><strong>Clinique G\u00e9n\u00e9rale Fribourg<\/strong><br \/>\nOber\u00e4rztin f\u00fcr Schulter- und Ellbogenchirurgie<br \/>\nDirektor: Dr. med. Georges Kohut<\/p>\n<h3>06\/2018 \u2013 07\/2020<\/h3>\n<p><strong>Kantonsspital Fribourg<\/strong><br \/>\nOber\u00e4rztin f\u00fcr chirurgische Orthop\u00e4die und Traumatologie<br \/>\n&#8211; Team Schulter- und Ellbogenchirurgie<br \/>\nDirektor: Prof. Dr. med. Emanuel Gautier bis 02\/2019<br \/>\nDirektor: Prof. Dr. med. Moritz Tannast seit 03\/2019<\/p>\n<h3>08\/2016 \u2013 04\/2018<\/h3>\n<p><strong>Spital Thun<\/strong><br \/>\nstv Ober\u00e4rztin f\u00fcr Orthop\u00e4die, Traumatologie und Sportmedizin<br \/>\nDirektor: Dr. med. Rolf Hess<\/p>\n<h3>10\/2012 \u2013 05\/2016<\/h3>\n<p><strong>Kantonsspital Fribourg<\/strong><br \/>\n&#8211; Assistenz\u00e4rztin f\u00fcr chirurgische Orthop\u00e4die und Traumatologie<br \/>\n&#8211; Basisweiterbildung Handchirurgie: Dr. med. Georges Kohut<br \/>\nDirektor: Prof. Dr. med. Emanuel Gautier<\/p>\n<h3>02\/2012 \u2013 09\/2012<\/h3>\n<p><strong>Universit\u00e4tsmedizin Greifswald<\/strong><br \/>\nAssistenz\u00e4rztin am Zentrum f\u00fcr Innere Medizin<br \/>\nDirektor: Prof. Dr. med. Stephan Felix[\/vc_column_text][\/vc_column_inner][vc_column_inner width=&#8220;2\/5&#8243;]<div class=\"dt-fancy-separator title-left\" style=\"width: 100%;\"><div class=\"dt-fancy-title bg-on\" style=\"color: #ffffff;background-color: #877868;\"><span class=\"separator-holder separator-left\" style=\"border-color: #877868;\"><\/span>Facharztspezifische Examina<span class=\"separator-holder separator-right\" style=\"border-color: #877868;\"><\/span><\/div><\/div><div class=\"ult-spacer spacer-69e05d167dcaa\" data-id=\"69e05d167dcaa\" data-height=\"25\" data-height-mobile=\"25\" data-height-tab=\"25\" data-height-tab-portrait=\"\" data-height-mobile-landscape=\"\" style=\"clear:both;display:block;\"><\/div>[vc_column_text]<\/p>\n<h3>11\/2018<\/h3>\n<p>Erteilung Facharzttitel FMH<\/p>\n<h3>11\/2013<\/h3>\n<p>Chirurgisches Basisexamen \u2013 FMCH, Bern[\/vc_column_text]<div class=\"dt-fancy-separator title-left\" style=\"width: 100%;\"><div class=\"dt-fancy-title bg-on\" style=\"color: #ffffff;background-color: #877868;\"><span class=\"separator-holder separator-left\" style=\"border-color: #877868;\"><\/span>Universit\u00e4re Ausbildung<span class=\"separator-holder separator-right\" style=\"border-color: #877868;\"><\/span><\/div><\/div><div class=\"ult-spacer spacer-69e05d167dccc\" data-id=\"69e05d167dccc\" data-height=\"25\" data-height-mobile=\"25\" data-height-tab=\"25\" data-height-tab-portrait=\"\" data-height-mobile-landscape=\"\" style=\"clear:both;display:block;\"><\/div>[vc_column_text]<\/p>\n<h3>10\/2004 \u2013 06\/2011<\/h3>\n<p><strong>Fakult\u00e4t f\u00fcr Medizin \u2013 Technische Universit\u00e4t M\u00fcnchen<\/strong><br \/>\n06\/2011 Zweiter Abschnitt der \u00c4rztlichen Pr\u00fcfung<br \/>\n09\/2006 Erster Abschnitt der \u00c4rztlichen Pr\u00fcfung<br \/>\nPoliklinik f\u00fcr Sportorthop\u00e4die \u2013 Klinikum Rechts der Isar<\/p>\n<p><strong>Promotion unter Prof. Dr. med. Andreas B. Imhoff:<\/strong><br \/>\n\u201eDas klinische und radiologische Ergebnis nach Rekonstruktion kombinierter Supraspinatus-Subscapularis\u00ad-Sehnen-Rupturen unter Verwendung einer Kraftmessplatte sowie MR-tomographischer Muskel\u00adfl\u00e4chenmessung\u201c<\/p>\n<h3>02\/2010 \u2013 01\/2011<\/h3>\n<p><strong>Praktisches Jahr<\/strong><br \/>\nOrthop\u00e4die: Kantonsspital \u2013 HFR Fribourg, Schweiz<br \/>\nInnere Medizin: Universit\u00e4tsspital Z\u00fcrich, Schweiz<br \/>\nChirurgie: H\u00f4pital Pellegrin \u2013 CHU Bordeaux, Frankreich[\/vc_column_text][\/vc_column_inner][\/vc_row_inner][\/vc_column][\/vc_row]<\/p>\n<\/div>","protected":false},"excerpt":{"rendered":"<p>[vc_row full_height=&#8220;yes&#8220; columns_placement=&#8220;top&#8220; content_placement=&#8220;top&#8220; bg_type=&#8220;u_iframe&#8220; u_video_url=&#8220;https:\/\/www.youtube.com\/watch?v=D-l6EpNI0_I&#8220; video_opts=&#8220;loop,muted&#8220; video_poster=&#8220;id^45|url^https:\/\/www.manus-fribourg.ch\/wp-content-329291\/uploads\/2019\/08\/manus-handvideo-still.jpg|caption^null|alt^null|title^MANUS-Handvideo-still|description^null&#8220; bg_override=&#8220;full&#8220; enable_overlay=&#8220;enable_overlay_value&#8220; overlay_color=&#8220;rgba(255,255,255,0.69)&#8220;][vc_column css=&#8220;.vc_custom_1564773753121{margin-top: -200px !important;}&#8220;][vc_row_inner gap=&#8220;35&#8243;][vc_column_inner width=&#8220;1\/5&#8243;][vc_single_image image=&#8220;2588&#8243; img_size=&#8220;full&#8220; alignment=&#8220;center&#8220; style=&#8220;vc_box_shadow_3d&#8220; onclick=&#8220;link_image&#8220;][\/vc_column_inner][vc_column_inner width=&#8220;2\/5&#8243;][vc_column_text] 08\/2020 \u2013 07\/2021 Clinique G\u00e9n\u00e9rale Fribourg Ober\u00e4rztin f\u00fcr Schulter- und Ellbogenchirurgie Direktor: Dr. med. Georges Kohut 06\/2018 \u2013 07\/2020 Kantonsspital Fribourg Ober\u00e4rztin f\u00fcr chirurgische Orthop\u00e4die und Traumatologie &#8211; Team Schulter- und Ellbogenchirurgie Direktor:&hellip;<\/p>\n","protected":false},"author":3,"featured_media":0,"parent":0,"menu_order":0,"comment_status":"closed","ping_status":"closed","template":"","meta":{"footnotes":""},"class_list":["post-2579","page","type-page","status-publish","hentry","description-off"],"_links":{"self":[{"href":"https:\/\/www.manus-fribourg.ch\/de\/wp-json\/wp\/v2\/pages\/2579","targetHints":{"allow":["GET"]}}],"collection":[{"href":"https:\/\/www.manus-fribourg.ch\/de\/wp-json\/wp\/v2\/pages"}],"about":[{"href":"https:\/\/www.manus-fribourg.ch\/de\/wp-json\/wp\/v2\/types\/page"}],"author":[{"embeddable":true,"href":"https:\/\/www.manus-fribourg.ch\/de\/wp-json\/wp\/v2\/users\/3"}],"replies":[{"embeddable":true,"href":"https:\/\/www.manus-fribourg.ch\/de\/wp-json\/wp\/v2\/comments?post=2579"}],"version-history":[{"count":0,"href":"https:\/\/www.manus-fribourg.ch\/de\/wp-json\/wp\/v2\/pages\/2579\/revisions"}],"wp:attachment":[{"href":"https:\/\/www.manus-fribourg.ch\/de\/wp-json\/wp\/v2\/media?parent=2579"}],"curies":[{"name":"wp","href":"https:\/\/api.w.org\/{rel}","templated":true}]}}